{"id":5087,"date":"2022-09-05T13:41:50","date_gmt":"2022-09-05T11:41:50","guid":{"rendered":"https:\/\/cyberfunk-security.com\/?page_id=5087"},"modified":"2023-09-25T14:26:28","modified_gmt":"2023-09-25T12:26:28","slug":"impressum","status":"publish","type":"page","link":"https:\/\/cyberfunk-security.com\/kl\/impressum\/","title":{"rendered":"Impressum"},"content":{"rendered":"\t\t<div data-elementor-type=\"wp-page\" data-elementor-id=\"5087\" class=\"elementor elementor-5087\">\n\t\t\t\t\t\t\t\t\t<section class=\"elementor-section elementor-top-section elementor-element elementor-element-80da594 elementor-section-boxed elementor-section-height-default elementor-section-height-default\" data-id=\"80da594\" data-element_type=\"section\">\n\t\t\t\t\t\t<div class=\"elementor-container elementor-column-gap-no\">\n\t\t\t\t\t<div class=\"elementor-column elementor-col-100 elementor-top-column elementor-element elementor-element-4fdac81\" data-id=\"4fdac81\" data-element_type=\"column\">\n\t\t\t<div class=\"elementor-widget-wrap elementor-element-populated\">\n\t\t\t\t\t\t\t\t<div class=\"elementor-element elementor-element-dd05bac elementor-widget elementor-widget-heading\" data-id=\"dd05bac\" data-element_type=\"widget\" data-widget_type=\"heading.default\">\n\t\t\t\t<div class=\"elementor-widget-container\">\n\t\t\t<style>\/*! elementor - v3.7.4 - 31-08-2022 *\/\n.elementor-heading-title{padding:0;margin:0;line-height:1}.elementor-widget-heading .elementor-heading-title[class*=elementor-size-]>a{color:inherit;font-size:inherit;line-height:inherit}.elementor-widget-heading .elementor-heading-title.elementor-size-small{font-size:15px}.elementor-widget-heading .elementor-heading-title.elementor-size-medium{font-size:19px}.elementor-widget-heading .elementor-heading-title.elementor-size-large{font-size:29px}.elementor-widget-heading .elementor-heading-title.elementor-size-xl{font-size:39px}.elementor-widget-heading .elementor-heading-title.elementor-size-xxl{font-size:59px}<\/style><h1 class=\"elementor-heading-title elementor-size-default\">Impressum<\/h1>\t\t<\/div>\n\t\t\t\t<\/div>\n\t\t\t\t<div class=\"elementor-element elementor-element-9a6bdc6 elementor-widget elementor-widget-heading\" data-id=\"9a6bdc6\" data-element_type=\"widget\" data-widget_type=\"heading.default\">\n\t\t\t\t<div class=\"elementor-widget-container\">\n\t\t\t<p class=\"elementor-heading-title elementor-size-default\">www.cyberfunk-security.com ist ein Dienst der Cyberfunk GmbH.<\/p>\t\t<\/div>\n\t\t\t\t<\/div>\n\t\t\t\t<div class=\"elementor-element elementor-element-1dcb04c servhead elementor-widget elementor-widget-heading\" data-id=\"1dcb04c\" data-element_type=\"widget\" data-widget_type=\"heading.default\">\n\t\t\t\t<div class=\"elementor-widget-container\">\n\t\t\t<h3 class=\"elementor-heading-title elementor-size-default\">Pflichtangaben gem\u00e4\u00df \u00a7 5 Telemediengesetz (TMG), \u00a7 18 Abs. 1 Medienstaatsvertrag (MStV) und \u00a7 2 Abs. 1 Dienstleistungs-Informationspflichten Verordnung (DL-InfoV)<\/h3>\t\t<\/div>\n\t\t\t\t<\/div>\n\t\t\t\t<div class=\"elementor-element elementor-element-a6e6215 inncont elementor-widget elementor-widget-text-editor\" data-id=\"a6e6215\" data-element_type=\"widget\" data-widget_type=\"text-editor.default\">\n\t\t\t\t<div class=\"elementor-widget-container\">\n\t\t\t<style>\/*! elementor - v3.7.4 - 31-08-2022 *\/\n.elementor-widget-text-editor.elementor-drop-cap-view-stacked .elementor-drop-cap{background-color:#818a91;color:#fff}.elementor-widget-text-editor.elementor-drop-cap-view-framed .elementor-drop-cap{color:#818a91;border:3px solid;background-color:transparent}.elementor-widget-text-editor:not(.elementor-drop-cap-view-default) .elementor-drop-cap{margin-top:8px}.elementor-widget-text-editor:not(.elementor-drop-cap-view-default) .elementor-drop-cap-letter{width:1em;height:1em}.elementor-widget-text-editor .elementor-drop-cap{float:left;text-align:center;line-height:1;font-size:50px}.elementor-widget-text-editor .elementor-drop-cap-letter{display:inline-block}<\/style>\t\t\t\t<div class=\"sc-FNZbm dESvyG\"><div class=\"sc-fmBDoT sc-jlRMkV hoQAXi dRIjVz\" data-testid=\"content\"><pre class=\"styles__Root-sc-1myek4t-0 kjYVax sc-iAKVOt gAHWBF styles__Root-sc-15iyh5a-0 hLHizP\">Cyberfunk GmbH<br \/>Spreeufer 6<br \/>10178 Berlin <\/pre><pre class=\"styles__Root-sc-1myek4t-0 kjYVax sc-iAKVOt gAHWBF styles__Root-sc-15iyh5a-0 hLHizP\">E-Mail: geist@cyberfunk-security.com<\/pre><pre class=\"styles__Root-sc-1myek4t-0 kjYVax sc-iAKVOt gAHWBF styles__Root-sc-15iyh5a-0 hLHizP\">Registergericht: Amtsgericht Berlin (Charlottenburg)<br \/>Registernummer: HRB 220783 B<\/pre><pre class=\"styles__Root-sc-1myek4t-0 kjYVax sc-iAKVOt gAHWBF styles__Root-sc-15iyh5a-0 hLHizP\">Vertreten durch:\u00a0Wasilij Geist\u00a0<\/pre><pre class=\"styles__Root-sc-1myek4t-0 kjYVax sc-iAKVOt gAHWBF styles__Root-sc-15iyh5a-0 hLHizP\"><strong>Online-Streitbeilegung f\u00fcr Verbraucher<\/strong>\nDie Europ\u00e4ische Kommission stellt unter folgendem Link eine Plattform f\u00fcr eine au\u00dfergerichtliche Online-Beilegung von Streitigkeiten zwischen Verbrauchern und Unternehmern bereit: https:\/\/ec.europa.eu\/consumers\/odr\/ .\n\n<strong>Streitbeilegung durch eine Verbraucherschlichtungsstelle nach Verbraucherstreitbeile-gungsgesetz (VSBG):<\/strong>\nUnsere E-Mail-Adresse lautet: intelligence@invsign.com. Zur Teilnahme an einem Streitbeilegungsverfahren vor einer Verbraucherschlichtungsstelle sind wir nicht verpflichtet und grunds\u00e4tzlich nicht bereit.\n\n<strong>Hinweis zu den Links auf der Webseite<\/strong>\nDie Inhalte unserer Seiten haben wir sorgf\u00e4ltig gepr\u00fcft. Wir bem\u00fchen uns um Vollst\u00e4ndigkeit, Richtigkeit oder Aktualit\u00e4t der dargebotenen Informationen und Downloads auf unseren Seiten. Abweichungen und Fehler k\u00f6nnen dennoch m\u00f6glich sein.\n\nUnsere Seiten k\u00f6nnen Links und Banner enthalten, die auf Internetseiten anderer Anbieter verweisen. Wer diesen Links folgt, verl\u00e4sst unsere Seiten. Wir erkl\u00e4ren ausdr\u00fccklich, dass wir keinen Einfluss auf die Gestaltung, Richtigkeit, Vollst\u00e4ndigkeit und Aktualit\u00e4t von Inhalten haben, die auf den angesteuerten fremden Internetseiten bereitgehalten werden. Wir distanzieren uns ausdr\u00fccklich von den verlinkten Inhalten fremder Internetseiten und Anbieter. Wir behalten uns ausdr\u00fccklich das Recht vor, Links und \u00e4hnliche Verweise auf unser eigenes Internetangebot zu untersagen.\n\n<strong>Urheberrechte<\/strong>\nAlle Inhalte, bereitgestellten Texte, Bilder (insb. Fotos), Grafiken, Layouts und der HTML-Code in unserem Internetangebot sind urheberrechtlich gesch\u00fctzt. Soweit nicht ausdr\u00fccklich anders gekennzeichnet, ist die \u00a9 INVSIGN GmbH alleinige Rechteinhaberin. Nutzer*innen k\u00f6nnen einzelne Dateien oder Inhalte herunterladen, nutzen sowie Ausdrucke anfertigen, soweit dies ausschlie\u00dflich privaten Zwecken dient. Inhalte und vorhandene Urheberrechtsvermerke d\u00fcrfen nicht ver\u00e4ndert oder entfernt werden. Jede andere Art der Vervielf\u00e4ltigung, \u00dcbernahme, \u00dcbertragung, Entnahme, Weiterverwendung, das Kopieren oder Verf\u00fcgbarmachen unseres Internetangebots oder einzelner Teile daraus, insbesondere f\u00fcr die Verwendung in elektronischen Medien oder drucktechnischen Erzeugnissen und\/oder zu gewerblichen Zwecken, ist untersagt und bedarf unserer ausdr\u00fccklichen vorherigen Zustimmung.\n\nWir beachten die Urheberrechte Dritter. Insbesondere werden Inhalte Dritter als solche gekennzeichnet. Sollten Sie gleichwohl auf eine Urheberrechtsverletzung aufmerksam werden, bitten wir um einen entsprechenden Hinweis. Bei Bekanntwerden von Rechtsverletzungen werden wir derartige Inhalte umgehend entfernen.<\/pre><\/div><\/div>\t\t\t\t\t\t<\/div>\n\t\t\t\t<\/div>\n\t\t\t\t\t<\/div>\n\t\t<\/div>\n\t\t\t\t\t\t\t<\/div>\n\t\t<\/section>\n\t\t\t\t<section class=\"elementor-section elementor-top-section elementor-element elementor-element-81f7847 elementor-section-boxed elementor-section-height-default elementor-section-height-default\" data-id=\"81f7847\" data-element_type=\"section\">\n\t\t\t\t\t\t<div class=\"elementor-container elementor-column-gap-no\">\n\t\t\t\t\t<div class=\"elementor-column elementor-col-100 elementor-top-column elementor-element elementor-element-cea8eb1\" data-id=\"cea8eb1\" data-element_type=\"column\">\n\t\t\t<div class=\"elementor-widget-wrap elementor-element-populated\">\n\t\t\t\t\t\t\t\t<div class=\"elementor-element elementor-element-2c26ec3 elementor-widget elementor-widget-shortcode\" data-id=\"2c26ec3\" data-element_type=\"widget\" data-widget_type=\"shortcode.default\">\n\t\t\t\t<div class=\"elementor-widget-container\">\n\t\t\t\t\t<div class=\"elementor-shortcode\">\t\t<div data-elementor-type=\"section\" data-elementor-id=\"3314\" class=\"elementor elementor-3314\">\n\t\t\t\t\t\t\t\t<section class=\"elementor-section elementor-inner-section elementor-element elementor-element-37f45b47 elementor-section-content-middle elementor-section-boxed elementor-section-height-default elementor-section-height-default\" data-id=\"37f45b47\" data-element_type=\"section\" data-settings=\"{&quot;background_background&quot;:&quot;classic&quot;}\">\n\t\t\t\t\t\t<div class=\"elementor-container elementor-column-gap-default\">\n\t\t\t\t\t<div class=\"elementor-column elementor-col-33 elementor-inner-column elementor-element elementor-element-21bc7b5\" data-id=\"21bc7b5\" data-element_type=\"column\">\n\t\t\t<div class=\"elementor-widget-wrap elementor-element-populated\">\n\t\t\t\t\t\t\t\t<div class=\"elementor-element elementor-element-76f05d34 cta-img elementor-widget elementor-widget-image\" data-id=\"76f05d34\" data-element_type=\"widget\" data-widget_type=\"image.default\">\n\t\t\t\t<div class=\"elementor-widget-container\">\n\t\t\t<style>\/*! elementor - v3.7.4 - 31-08-2022 *\/\n.elementor-widget-image{text-align:center}.elementor-widget-image a{display:inline-block}.elementor-widget-image a img[src$=\".svg\"]{width:48px}.elementor-widget-image img{vertical-align:middle;display:inline-block}<\/style>\t\t\t\t\t\t\t\t\t\t\t\t<img loading=\"lazy\" decoding=\"async\" width=\"543\" height=\"580\" src=\"https:\/\/cyberfunk-security.com\/wp-content\/uploads\/2022\/09\/new_woman-CTA-min.png\" class=\"attachment-large size-large\" alt=\"\" srcset=\"https:\/\/cyberfunk-security.com\/wp-content\/uploads\/2022\/09\/new_woman-CTA-min.png 543w, https:\/\/cyberfunk-security.com\/wp-content\/uploads\/2022\/09\/new_woman-CTA-min-281x300.png 281w, https:\/\/cyberfunk-security.com\/wp-content\/uploads\/2022\/09\/new_woman-CTA-min-22x24.png 22w, https:\/\/cyberfunk-security.com\/wp-content\/uploads\/2022\/09\/new_woman-CTA-min-34x36.png 34w, https:\/\/cyberfunk-security.com\/wp-content\/uploads\/2022\/09\/new_woman-CTA-min-56x60.png 56w\" sizes=\"auto, (max-width: 543px) 100vw, 543px\" \/>\t\t\t\t\t\t\t\t\t\t\t\t\t\t\t<\/div>\n\t\t\t\t<\/div>\n\t\t\t\t\t<\/div>\n\t\t<\/div>\n\t\t\t\t<div class=\"elementor-column elementor-col-33 elementor-inner-column elementor-element elementor-element-423d51ed\" data-id=\"423d51ed\" data-element_type=\"column\">\n\t\t\t<div class=\"elementor-widget-wrap elementor-element-populated\">\n\t\t\t\t\t\t\t\t<div class=\"elementor-element elementor-element-10b91481 cta_txt elementor-widget elementor-widget-heading\" data-id=\"10b91481\" data-element_type=\"widget\" data-widget_type=\"heading.default\">\n\t\t\t\t<div class=\"elementor-widget-container\">\n\t\t\t<h2 class=\"elementor-heading-title elementor-size-default\">D\u00fcrfen wir Sie <br\/>\npers\u00f6nlich beraten?<\/h2>\t\t<\/div>\n\t\t\t\t<\/div>\n\t\t\t\t\t<\/div>\n\t\t<\/div>\n\t\t\t\t<div class=\"elementor-column elementor-col-33 elementor-inner-column elementor-element elementor-element-60a32a9d\" data-id=\"60a32a9d\" data-element_type=\"column\">\n\t\t\t<div class=\"elementor-widget-wrap elementor-element-populated\">\n\t\t\t\t\t\t\t\t<div class=\"elementor-element elementor-element-47b89bdc check_btn servbtn elementor-align-right elementor-mobile_extra-align-center elementor-widget elementor-widget-button\" data-id=\"47b89bdc\" data-element_type=\"widget\" data-widget_type=\"button.default\">\n\t\t\t\t<div class=\"elementor-widget-container\">\n\t\t\t\t\t<div class=\"elementor-button-wrapper\">\n\t\t\t<a href=\"https:\/\/cyberfunk-security.com\/kontakt\/\" class=\"elementor-button-link elementor-button elementor-size-sm\" role=\"button\">\n\t\t\t\t\t\t<span class=\"elementor-button-content-wrapper\">\n\t\t\t\t\t\t\t<span class=\"elementor-button-icon elementor-align-icon-right\">\n\t\t\t\t<svg xmlns=\"http:\/\/www.w3.org\/2000\/svg\" xmlns:xlink=\"http:\/\/www.w3.org\/1999\/xlink\" width=\"34px\" height=\"34px\" viewBox=\"0 0 34 34\"><title>7FEC8EAE-F46A-449A-A694-526BBB31DC9D<\/title><g id=\"Page-1\" stroke=\"none\" stroke-width=\"1\" fill=\"none\" fill-rule=\"evenodd\"><g id=\"Cyberfunk-Security-&#x2013;-Startseite-(v1)-Deutsch\" transform=\"translate(-537.000000, -692.000000)\"><g id=\"Group-9\" transform=\"translate(135.000000, 678.416103)\"><g id=\"Group-10-Copy-2\" transform=\"translate(38.250000, 13.777935)\"><g id=\"arrow-right-copy-3\" transform=\"translate(364.500000, 0.000000)\"><ellipse id=\"Oval\" fill=\"#FFFFFF\" cx=\"17.2031615\" cy=\"16.9135166\" rx=\"12.3830454\" ry=\"12.3675048\"><\/ellipse><path d=\"M16.5198143,0 C8.83081089,0 1.97107152,5.51966692 0.362636068,13.0358986 C-0.440950239,16.7914919 0.100386581,20.7850417 1.89319647,24.1832798 C3.61865497,27.4537108 6.44741347,30.0968783 9.83182097,31.5948274 C13.3521941,33.1533166 17.3936986,33.4249066 21.0938158,32.3620901 C24.6634396,31.3371112 27.8285341,29.0874549 29.9833577,26.0675929 C34.488745,19.754177 33.886371,10.8858813 28.5858163,5.22873771 C25.4792333,1.91332197 21.0668752,0 16.5198143,0 L16.5198143,0 Z M24.4458104,17.3830199 L19.941686,21.9899595 C18.8013427,23.1566192 16.9988511,21.3891823 18.1345639,20.227988 L20.4072525,17.9034973 L9.63692288,17.9034973 C8.87206362,17.9034973 8.23390917,17.2657233 8.23390917,16.5022443 C8.23390917,15.7387654 8.87248457,15.1009914 9.63692288,15.1009914 L20.3533714,15.1009914 L18.0356416,12.7865907 C16.8839328,11.6363273 18.6695866,9.85249403 19.8212954,11.0027575 L24.4352867,15.6105379 C24.9244262,16.0986431 24.9290566,16.8890288 24.4458104,17.3830199 L24.4458104,17.3830199 Z\" id=\"Shape\" fill=\"#F12078\" fill-rule=\"nonzero\"><\/path><\/g><\/g><\/g><\/g><\/g><\/svg>\t\t\t<\/span>\n\t\t\t\t\t\t<span class=\"elementor-button-text\">Beratungstermin vereinbaren<\/span>\n\t\t<\/span>\n\t\t\t\t\t<\/a>\n\t\t<\/div>\n\t\t\t\t<\/div>\n\t\t\t\t<\/div>\n\t\t\t\t\t<\/div>\n\t\t<\/div>\n\t\t\t\t\t\t\t<\/div>\n\t\t<\/section>\n\t\t\t\t\t\t<\/div>\n\t\t<\/div>\n\t\t\t\t<\/div>\n\t\t\t\t<\/div>\n\t\t\t\t\t<\/div>\n\t\t<\/div>\n\t\t\t\t\t\t\t<\/div>\n\t\t<\/section>\n\t\t\t\t\t\t\t<\/div>\n\t\t","protected":false},"excerpt":{"rendered":"<p>Impressum www.cyberfunk-security.com ist ein Dienst der Cyberfunk GmbH. Pflichtangaben gem\u00e4\u00df \u00a7 5 Telemediengesetz (TMG), \u00a7 18 Abs. 1 Medienstaatsvertrag (MStV) und \u00a7 2 Abs. 1 Dienstleistungs-Informationspflichten Verordnung (DL-InfoV) Cyberfunk GmbHSpreeufer 610178 Berlin E-Mail: geist@cyberfunk-security.com Registergericht: Amtsgericht Berlin (Charlottenburg)Registernummer: HRB 220783 B Vertreten durch:\u00a0Wasilij Geist\u00a0 Online-Streitbeilegung f\u00fcr Verbraucher Die Europ\u00e4ische Kommission stellt unter folgendem Link eine [&hellip;]<\/p>\n","protected":false},"author":1,"featured_media":0,"parent":0,"menu_order":0,"comment_status":"closed","ping_status":"closed","template":"","meta":{"inline_featured_image":false,"footnotes":""},"class_list":["post-5087","page","type-page","status-publish","hentry"],"aioseo_notices":[],"_links":{"self":[{"href":"https:\/\/cyberfunk-security.com\/kl\/wp-json\/wp\/v2\/pages\/5087","targetHints":{"allow":["GET"]}}],"collection":[{"href":"https:\/\/cyberfunk-security.com\/kl\/wp-json\/wp\/v2\/pages"}],"about":[{"href":"https:\/\/cyberfunk-security.com\/kl\/wp-json\/wp\/v2\/types\/page"}],"author":[{"embeddable":true,"href":"https:\/\/cyberfunk-security.com\/kl\/wp-json\/wp\/v2\/users\/1"}],"replies":[{"embeddable":true,"href":"https:\/\/cyberfunk-security.com\/kl\/wp-json\/wp\/v2\/comments?post=5087"}],"version-history":[{"count":4,"href":"https:\/\/cyberfunk-security.com\/kl\/wp-json\/wp\/v2\/pages\/5087\/revisions"}],"predecessor-version":[{"id":6393,"href":"https:\/\/cyberfunk-security.com\/kl\/wp-json\/wp\/v2\/pages\/5087\/revisions\/6393"}],"wp:attachment":[{"href":"https:\/\/cyberfunk-security.com\/kl\/wp-json\/wp\/v2\/media?parent=5087"}],"curies":[{"name":"wp","href":"https:\/\/api.w.org\/{rel}","templated":true}]}}