{"id":5080,"date":"2022-09-06T06:10:16","date_gmt":"2022-09-06T04:10:16","guid":{"rendered":"https:\/\/cyberfunk-security.com\/?page_id=5080"},"modified":"2022-10-10T09:36:14","modified_gmt":"2022-10-10T07:36:14","slug":"karriere","status":"publish","type":"page","link":"https:\/\/cyberfunk-security.com\/kl\/karriere\/","title":{"rendered":"Karriere"},"content":{"rendered":"\t\t<div data-elementor-type=\"wp-page\" data-elementor-id=\"5080\" class=\"elementor elementor-5080\">\n\t\t\t\t\t\t\t\t\t<section class=\"elementor-section elementor-top-section elementor-element elementor-element-5954612 elementor-section-boxed elementor-section-height-default elementor-section-height-default\" data-id=\"5954612\" data-element_type=\"section\">\n\t\t\t\t\t\t<div class=\"elementor-container elementor-column-gap-no\">\n\t\t\t\t\t<div class=\"elementor-column elementor-col-100 elementor-top-column elementor-element elementor-element-6384c6a\" data-id=\"6384c6a\" data-element_type=\"column\">\n\t\t\t<div class=\"elementor-widget-wrap elementor-element-populated\">\n\t\t\t\t\t\t\t\t<div class=\"elementor-element elementor-element-98efca8 elementor-widget elementor-widget-heading\" data-id=\"98efca8\" data-element_type=\"widget\" data-widget_type=\"heading.default\">\n\t\t\t\t<div class=\"elementor-widget-container\">\n\t\t\t<style>\/*! elementor - v3.7.4 - 31-08-2022 *\/\n.elementor-heading-title{padding:0;margin:0;line-height:1}.elementor-widget-heading .elementor-heading-title[class*=elementor-size-]>a{color:inherit;font-size:inherit;line-height:inherit}.elementor-widget-heading .elementor-heading-title.elementor-size-small{font-size:15px}.elementor-widget-heading .elementor-heading-title.elementor-size-medium{font-size:19px}.elementor-widget-heading .elementor-heading-title.elementor-size-large{font-size:29px}.elementor-widget-heading .elementor-heading-title.elementor-size-xl{font-size:39px}.elementor-widget-heading .elementor-heading-title.elementor-size-xxl{font-size:59px}<\/style><h4 class=\"elementor-heading-title elementor-size-default\">KARRIERE BEI CYBERFUNK SECURITY<\/h4>\t\t<\/div>\n\t\t\t\t<\/div>\n\t\t\t\t<div class=\"elementor-element elementor-element-658807f sechead elementor-widget elementor-widget-heading\" data-id=\"658807f\" data-element_type=\"widget\" data-widget_type=\"heading.default\">\n\t\t\t\t<div class=\"elementor-widget-container\">\n\t\t\t<h2 class=\"elementor-heading-title elementor-size-default\">Wir sind auf der Suche nach Profis \u2013 <br\/>\nbewerben Sie sich initiativ oder schauen<br\/>\nSie \u2028in unsere Stellenanzeigen<\/h2>\t\t<\/div>\n\t\t\t\t<\/div>\n\t\t\t\t<div class=\"elementor-element elementor-element-00dba7d elementor-widget elementor-widget-heading\" data-id=\"00dba7d\" data-element_type=\"widget\" data-widget_type=\"heading.default\">\n\t\t\t\t<div class=\"elementor-widget-container\">\n\t\t\t<h4 class=\"elementor-heading-title elementor-size-default\">AKTUELL SIND FOLGENDE POSITIONEN ZU BESETZEN<\/h4>\t\t<\/div>\n\t\t\t\t<\/div>\n\t\t\t\t<div class=\"elementor-element elementor-element-8c8158c faqs elementor-widget elementor-widget-accordion\" data-id=\"8c8158c\" data-element_type=\"widget\" data-widget_type=\"accordion.default\">\n\t\t\t\t<div class=\"elementor-widget-container\">\n\t\t\t<style>.elementor-accordion{text-align:left}.elementor-accordion .elementor-accordion-item{border:1px solid #d4d4d4}.elementor-accordion .elementor-accordion-item+.elementor-accordion-item{border-top:none}.elementor-accordion .elementor-tab-title{margin:0;padding:15px 20px;font-weight:700;line-height:1;cursor:pointer;outline:none}.elementor-accordion .elementor-tab-title .elementor-accordion-icon{display:inline-block;width:1.5em}.elementor-accordion .elementor-tab-title .elementor-accordion-icon svg{width:1em;height:1em}.elementor-accordion .elementor-tab-title .elementor-accordion-icon.elementor-accordion-icon-right{float:right;text-align:right}.elementor-accordion .elementor-tab-title .elementor-accordion-icon.elementor-accordion-icon-left{float:left;text-align:left}.elementor-accordion .elementor-tab-title .elementor-accordion-icon .elementor-accordion-icon-closed{display:block}.elementor-accordion .elementor-tab-title .elementor-accordion-icon .elementor-accordion-icon-opened,.elementor-accordion .elementor-tab-title.elementor-active .elementor-accordion-icon-closed{display:none}.elementor-accordion .elementor-tab-title.elementor-active .elementor-accordion-icon-opened{display:block}.elementor-accordion .elementor-tab-content{display:none;padding:15px 20px;border-top:1px solid #d4d4d4}@media (max-width:480px){.elementor-accordion .elementor-tab-title{padding:12px 15px}.elementor-accordion .elementor-tab-title .elementor-accordion-icon{width:1.2em}.elementor-accordion .elementor-tab-content{padding:7px 15px}}.e-container>.elementor-widget-accordion{width:var(--container-widget-width,100%)}<\/style>\t\t<div class=\"elementor-accordion\" role=\"tablist\">\n\t\t\t\t\t\t\t<div class=\"elementor-accordion-item\">\n\t\t\t\t\t<div id=\"elementor-tab-title-1471\" class=\"elementor-tab-title\" data-tab=\"1\" role=\"tab\" aria-controls=\"elementor-tab-content-1471\" aria-expanded=\"false\">\n\t\t\t\t\t\t\t\t\t\t\t\t\t<span class=\"elementor-accordion-icon elementor-accordion-icon-right\" aria-hidden=\"true\">\n\t\t\t\t\t\t\t\t\t\t\t\t\t\t\t<span class=\"elementor-accordion-icon-closed\"><i class=\"fas fa-chevron-down\"><\/i><\/span>\n\t\t\t\t\t\t\t\t<span class=\"elementor-accordion-icon-opened\"><i class=\"fas fa-chevron-up\"><\/i><\/span>\n\t\t\t\t\t\t\t\t\t\t\t\t\t\t<\/span>\n\t\t\t\t\t\t\t\t\t\t\t\t<a class=\"elementor-accordion-title\" href=\"\">Initiativbewerbung (m\/w\/d)<\/a>\n\t\t\t\t\t<\/div>\n\t\t\t\t\t<div id=\"elementor-tab-content-1471\" class=\"elementor-tab-content elementor-clearfix\" data-tab=\"1\" role=\"tabpanel\" aria-labelledby=\"elementor-tab-title-1471\"><p>Wir sind st\u00e4ndig auf der Suche nach Branchenprofis und jungen Talenten: in den Bereichen Sales &amp; Marketing k\u00f6nnen Sie sich bei uns gerne proaktiv bewerben.<\/p><\/div>\n\t\t\t\t<\/div>\n\t\t\t\t\t\t\t\t<\/div>\n\t\t\t\t<\/div>\n\t\t\t\t<\/div>\n\t\t\t\t<div class=\"elementor-element elementor-element-9568d02 check_btn servbtn elementor-align-center elementor-mobile_extra-align-center elementor-widget elementor-widget-button\" data-id=\"9568d02\" data-element_type=\"widget\" data-widget_type=\"button.default\">\n\t\t\t\t<div class=\"elementor-widget-container\">\n\t\t\t\t\t<div class=\"elementor-button-wrapper\">\n\t\t\t<a href=\"https:\/\/cyberfunk-security.com\/wp-content\/uploads\/2022\/10\/Information-fuer-den-Umgang-mit-Bewerbungsdaten-Kurzversion.pdf\" target=\"_blank\" class=\"elementor-button-link elementor-button elementor-size-sm\" role=\"button\">\n\t\t\t\t\t\t<span class=\"elementor-button-content-wrapper\">\n\t\t\t\t\t\t\t<span class=\"elementor-button-icon elementor-align-icon-right\">\n\t\t\t\t<svg xmlns=\"http:\/\/www.w3.org\/2000\/svg\" xmlns:xlink=\"http:\/\/www.w3.org\/1999\/xlink\" width=\"34px\" height=\"34px\" viewBox=\"0 0 34 34\"><title>7FEC8EAE-F46A-449A-A694-526BBB31DC9D<\/title><g id=\"Page-1\" stroke=\"none\" stroke-width=\"1\" fill=\"none\" fill-rule=\"evenodd\"><g id=\"Cyberfunk-Security-&#x2013;-Startseite-(v1)-Deutsch\" transform=\"translate(-537.000000, -692.000000)\"><g id=\"Group-9\" transform=\"translate(135.000000, 678.416103)\"><g id=\"Group-10-Copy-2\" transform=\"translate(38.250000, 13.777935)\"><g id=\"arrow-right-copy-3\" transform=\"translate(364.500000, 0.000000)\"><ellipse id=\"Oval\" fill=\"#FFFFFF\" cx=\"17.2031615\" cy=\"16.9135166\" rx=\"12.3830454\" ry=\"12.3675048\"><\/ellipse><path d=\"M16.5198143,0 C8.83081089,0 1.97107152,5.51966692 0.362636068,13.0358986 C-0.440950239,16.7914919 0.100386581,20.7850417 1.89319647,24.1832798 C3.61865497,27.4537108 6.44741347,30.0968783 9.83182097,31.5948274 C13.3521941,33.1533166 17.3936986,33.4249066 21.0938158,32.3620901 C24.6634396,31.3371112 27.8285341,29.0874549 29.9833577,26.0675929 C34.488745,19.754177 33.886371,10.8858813 28.5858163,5.22873771 C25.4792333,1.91332197 21.0668752,0 16.5198143,0 L16.5198143,0 Z M24.4458104,17.3830199 L19.941686,21.9899595 C18.8013427,23.1566192 16.9988511,21.3891823 18.1345639,20.227988 L20.4072525,17.9034973 L9.63692288,17.9034973 C8.87206362,17.9034973 8.23390917,17.2657233 8.23390917,16.5022443 C8.23390917,15.7387654 8.87248457,15.1009914 9.63692288,15.1009914 L20.3533714,15.1009914 L18.0356416,12.7865907 C16.8839328,11.6363273 18.6695866,9.85249403 19.8212954,11.0027575 L24.4352867,15.6105379 C24.9244262,16.0986431 24.9290566,16.8890288 24.4458104,17.3830199 L24.4458104,17.3830199 Z\" id=\"Shape\" fill=\"#F12078\" fill-rule=\"nonzero\"><\/path><\/g><\/g><\/g><\/g><\/g><\/svg>\t\t\t<\/span>\n\t\t\t\t\t\t<span class=\"elementor-button-text\">Datenschutz-Informationen f\u00fcr Bewerber<\/span>\n\t\t<\/span>\n\t\t\t\t\t<\/a>\n\t\t<\/div>\n\t\t\t\t<\/div>\n\t\t\t\t<\/div>\n\t\t\t\t\t<\/div>\n\t\t<\/div>\n\t\t\t\t\t\t\t<\/div>\n\t\t<\/section>\n\t\t\t\t<section class=\"elementor-section elementor-top-section elementor-element elementor-element-e90fb22 elementor-section-boxed elementor-section-height-default elementor-section-height-default\" data-id=\"e90fb22\" data-element_type=\"section\">\n\t\t\t\t\t\t<div class=\"elementor-container elementor-column-gap-no\">\n\t\t\t\t\t<div class=\"elementor-column elementor-col-100 elementor-top-column elementor-element elementor-element-54388eb\" data-id=\"54388eb\" data-element_type=\"column\">\n\t\t\t<div class=\"elementor-widget-wrap elementor-element-populated\">\n\t\t\t\t\t\t\t\t<section class=\"elementor-section elementor-inner-section elementor-element elementor-element-111f29b elementor-section-boxed elementor-section-height-default elementor-section-height-default\" data-id=\"111f29b\" data-element_type=\"section\">\n\t\t\t\t\t\t<div class=\"elementor-container elementor-column-gap-default\">\n\t\t\t\t\t<div class=\"elementor-column elementor-col-50 elementor-inner-column elementor-element elementor-element-1f3ca74\" data-id=\"1f3ca74\" data-element_type=\"column\">\n\t\t\t<div class=\"elementor-widget-wrap elementor-element-populated\">\n\t\t\t\t\t\t\t\t<div class=\"elementor-element elementor-element-f54efac servhead elementor-widget elementor-widget-heading\" data-id=\"f54efac\" data-element_type=\"widget\" data-widget_type=\"heading.default\">\n\t\t\t\t<div class=\"elementor-widget-container\">\n\t\t\t<h3 class=\"elementor-heading-title elementor-size-default\">Cyberfunk Security ist ein \u2028junges und dynamisches \nStart-Up in der Cybersecurity \nSzene. F\u00fcr unser B\u00fcro \u2028im Berlin suchen wir \nengagierte Mitarbeiter.<\/h3>\t\t<\/div>\n\t\t\t\t<\/div>\n\t\t\t\t\t<\/div>\n\t\t<\/div>\n\t\t\t\t<div class=\"elementor-column elementor-col-50 elementor-inner-column elementor-element elementor-element-f6117c2\" data-id=\"f6117c2\" data-element_type=\"column\">\n\t\t\t<div class=\"elementor-widget-wrap elementor-element-populated\">\n\t\t\t\t\t\t\t\t<div class=\"elementor-element elementor-element-58fa9e0 elementor-widget elementor-widget-heading\" data-id=\"58fa9e0\" data-element_type=\"widget\" data-widget_type=\"heading.default\">\n\t\t\t\t<div class=\"elementor-widget-container\">\n\t\t\t<p class=\"elementor-heading-title elementor-size-default\">Arbeiten Sie gerne in einem vielf\u00e4ltigen T\u00e4tigkeitsbereich und behalten Sie auch in stressigen Situationen den \u00dcberblick?<\/p>\t\t<\/div>\n\t\t\t\t<\/div>\n\t\t\t\t<div class=\"elementor-element elementor-element-a9da2fd elementor-widget elementor-widget-heading\" data-id=\"a9da2fd\" data-element_type=\"widget\" data-widget_type=\"heading.default\">\n\t\t\t\t<div class=\"elementor-widget-container\">\n\t\t\t<p class=\"elementor-heading-title elementor-size-default\">Es erwarten Sie ein motiviertes und kompetentes Team mit starkem sozialen Zusammenhalt und fachlicher Unterst\u00fctzung sowie ein hohes Ma\u00df an Eigenverantwortung und Gestaltungsspielraum dank flacher Hierarchien und schneller Entscheidungswege.<\/p>\t\t<\/div>\n\t\t\t\t<\/div>\n\t\t\t\t<div class=\"elementor-element elementor-element-e3c67d7 elementor-widget elementor-widget-heading\" data-id=\"e3c67d7\" data-element_type=\"widget\" data-widget_type=\"heading.default\">\n\t\t\t\t<div class=\"elementor-widget-container\">\n\t\t\t<p class=\"elementor-heading-title elementor-size-default\">\u00dcberzeugen Sie uns mit Ihren aussagekr\u00e4ftigen Bewerbungsunterlagen per E-Mail an <a href=\"mailto:karriere@cyberfunk-security.com\">karriere@cyberfunk-security.com<\/a> unter Angabe Ihrer Gehaltsvorstellung und des fr\u00fchestm\u00f6glichen Eintrittstermins.\n<\/p>\t\t<\/div>\n\t\t\t\t<\/div>\n\t\t\t\t<div class=\"elementor-element elementor-element-7b6dcf6 elementor-widget elementor-widget-heading\" data-id=\"7b6dcf6\" data-element_type=\"widget\" data-widget_type=\"heading.default\">\n\t\t\t\t<div class=\"elementor-widget-container\">\n\t\t\t<p class=\"elementor-heading-title elementor-size-default\">Wir freuen uns auf Ihre Bewerbung!<\/p>\t\t<\/div>\n\t\t\t\t<\/div>\n\t\t\t\t\t<\/div>\n\t\t<\/div>\n\t\t\t\t\t\t\t<\/div>\n\t\t<\/section>\n\t\t\t\t\t<\/div>\n\t\t<\/div>\n\t\t\t\t\t\t\t<\/div>\n\t\t<\/section>\n\t\t\t\t\t\t\t<\/div>\n\t\t","protected":false},"excerpt":{"rendered":"<p>KARRIERE BEI CYBERFUNK SECURITY Wir sind auf der Suche nach Profis \u2013 bewerben Sie sich initiativ oder schauen Sie \u2028in unsere Stellenanzeigen AKTUELL SIND FOLGENDE POSITIONEN ZU BESETZEN Initiativbewerbung (m\/w\/d) Wir sind st\u00e4ndig auf der Suche nach Branchenprofis und jungen Talenten: in den Bereichen Sales &amp; Marketing k\u00f6nnen Sie sich bei uns gerne proaktiv bewerben. [&hellip;]<\/p>\n","protected":false},"author":1,"featured_media":0,"parent":0,"menu_order":0,"comment_status":"closed","ping_status":"closed","template":"","meta":{"inline_featured_image":false,"footnotes":""},"class_list":["post-5080","page","type-page","status-publish","hentry"],"aioseo_notices":[],"_links":{"self":[{"href":"https:\/\/cyberfunk-security.com\/kl\/wp-json\/wp\/v2\/pages\/5080","targetHints":{"allow":["GET"]}}],"collection":[{"href":"https:\/\/cyberfunk-security.com\/kl\/wp-json\/wp\/v2\/pages"}],"about":[{"href":"https:\/\/cyberfunk-security.com\/kl\/wp-json\/wp\/v2\/types\/page"}],"author":[{"embeddable":true,"href":"https:\/\/cyberfunk-security.com\/kl\/wp-json\/wp\/v2\/users\/1"}],"replies":[{"embeddable":true,"href":"https:\/\/cyberfunk-security.com\/kl\/wp-json\/wp\/v2\/comments?post=5080"}],"version-history":[{"count":1,"href":"https:\/\/cyberfunk-security.com\/kl\/wp-json\/wp\/v2\/pages\/5080\/revisions"}],"predecessor-version":[{"id":5081,"href":"https:\/\/cyberfunk-security.com\/kl\/wp-json\/wp\/v2\/pages\/5080\/revisions\/5081"}],"wp:attachment":[{"href":"https:\/\/cyberfunk-security.com\/kl\/wp-json\/wp\/v2\/media?parent=5080"}],"curies":[{"name":"wp","href":"https:\/\/api.w.org\/{rel}","templated":true}]}}